{"id":8765,"date":"2020-11-03T19:56:32","date_gmt":"2020-11-03T19:56:32","guid":{"rendered":"https:\/\/themes.getmotopress.com\/albatross\/search-results\/"},"modified":"2023-03-15T17:32:38","modified_gmt":"2023-03-15T17:32:38","slug":"resultado-de-busqueda","status":"publish","type":"page","link":"https:\/\/grupocasonas.com\/casona-del-asno\/resultado-de-busqueda\/","title":{"rendered":"Resultado de b\u00fasqueda"},"content":{"rendered":"\t\t<div data-elementor-type=\"wp-page\" data-elementor-id=\"8765\" class=\"elementor elementor-8765\">\n\t\t\t\t\t\t<section class=\"wd-negative-gap elementor-section elementor-top-section elementor-element elementor-element-9ee5571 elementor-section-content-top wd-section-stretch elementor-section-boxed elementor-section-height-default elementor-section-height-default\" data-id=\"9ee5571\" data-element_type=\"section\" data-e-type=\"section\" data-settings=\"{&quot;background_background&quot;:&quot;classic&quot;}\">\n\t\t\t\t\t\t<div class=\"elementor-container elementor-column-gap-default\">\n\t\t\t\t\t<div class=\"elementor-column elementor-col-50 elementor-top-column elementor-element elementor-element-9c4bebe\" data-id=\"9c4bebe\" data-element_type=\"column\" data-e-type=\"column\">\n\t\t\t<div class=\"elementor-widget-wrap elementor-element-populated\">\n\t\t\t\t\t\t<div class=\"elementor-element elementor-element-74231ce wd-width-100 elementor-widget elementor-widget-wd_title\" data-id=\"74231ce\" data-element_type=\"widget\" data-e-type=\"widget\" data-widget_type=\"wd_title.default\">\n\t\t\t\t<div class=\"elementor-widget-container\">\n\t\t\t\t\t\t\t<div class=\"title-wrapper wd-set-mb reset-last-child wd-title-color-default wd-title-style-default wd-title-size-default text-left\">\n\n\t\t\t\n\t\t\t<div class=\"liner-continer\">\n\t\t\t\t<h4 class=\"woodmart-title-container title wd-fontsize-l\">Reservar<\/h4> \n\t\t\t\t\t\t\t<\/div>\n\n\t\t\t\t\t<\/div>\n\t\t\t\t\t\t<\/div>\n\t\t\t\t<\/div>\n\t\t\t\t<div class=\"elementor-element elementor-element-1b446cd elementor-widget elementor-widget-mphbe-search-results\" data-id=\"1b446cd\" data-element_type=\"widget\" data-e-type=\"widget\" data-widget_type=\"mphbe-search-results.default\">\n\t\t\t\t<div class=\"elementor-widget-container\">\n\t\t\t\t\t<div class=\"mphb_sc_search_results-wrapper \"><div class=\"mphb-errors-wrapper\">\n\t<\/div>\n<\/div>\t\t\t\t<\/div>\n\t\t\t\t<\/div>\n\t\t\t\t\t<\/div>\n\t\t<\/div>\n\t\t\t\t<div class=\"elementor-column elementor-col-50 elementor-top-column elementor-element elementor-element-fdcdcc6 iconos wd_sticky_offset_50 wd-elementor-sticky-column\" data-id=\"fdcdcc6\" data-element_type=\"column\" data-e-type=\"column\" data-settings=\"{&quot;background_background&quot;:&quot;classic&quot;}\">\n\t\t\t<div class=\"elementor-widget-wrap elementor-element-populated\">\n\t\t\t\t\t\t<div class=\"elementor-element elementor-element-adf49e7 elementor-icon-list--layout-traditional elementor-list-item-link-full_width elementor-widget elementor-widget-icon-list\" data-id=\"adf49e7\" data-element_type=\"widget\" data-e-type=\"widget\" data-widget_type=\"icon-list.default\">\n\t\t\t\t<div class=\"elementor-widget-container\">\n\t\t\t\t\t\t\t<ul class=\"elementor-icon-list-items\">\n\t\t\t\t\t\t\t<li class=\"elementor-icon-list-item\">\n\t\t\t\t\t\t\t\t\t\t\t<span class=\"elementor-icon-list-icon\">\n\t\t\t\t\t\t\t<i aria-hidden=\"true\" class=\"fas fa-check\"><\/i>\t\t\t\t\t\t<\/span>\n\t\t\t\t\t\t\t\t\t\t<span class=\"elementor-icon-list-text\">Para realizar tu reserva en las webs del Grupo Casonas debes pagar el importe completo de la estancia y los servicios seleccionados en el momento de la solicitud. Nuestro equipo debe confirmar en cualquier caso la disponibilidad de la habitaci\u00f3n seleccionada en las fechas escogidas.  Si no existe disponibilidad, alternativas, o simplemente no quieres continuar con la reserva, reembolsaremos tu dinero de forma inmediata. <\/span>\n\t\t\t\t\t\t\t\t\t<\/li>\n\t\t\t\t\t\t\t\t<li class=\"elementor-icon-list-item\">\n\t\t\t\t\t\t\t\t\t\t\t<span class=\"elementor-icon-list-icon\">\n\t\t\t\t\t\t\t<i aria-hidden=\"true\" class=\"fas fa-times\"><\/i>\t\t\t\t\t\t<\/span>\n\t\t\t\t\t\t\t\t\t\t<span class=\"elementor-icon-list-text\">Si la reserva es confirmada, puedes cancelar gratis hasta 3 d\u00edas antes de la fecha de llegada, recibiendo el reembolso en tu cuenta bancaria. Si cancelas durante los 3 d\u00edas antes de la fecha de llegada, el cargo por cancelar ser\u00e1 el precio total de la reserva. Si no te presentas, el cargo ser\u00e1 el precio total de la reserva.<\/span>\n\t\t\t\t\t\t\t\t\t<\/li>\n\t\t\t\t\t\t\t\t<li class=\"elementor-icon-list-item\">\n\t\t\t\t\t\t\t\t\t\t\t<a href=\"https:\/\/casonadelasno.com\/test\/casona-del-asno\/preguntas-frecuentes\/\">\n\n\t\t\t\t\t\t\t\t\t\t\t\t<span class=\"elementor-icon-list-icon\">\n\t\t\t\t\t\t\t<i aria-hidden=\"true\" class=\"fas fa-user-plus\"><\/i>\t\t\t\t\t\t<\/span>\n\t\t\t\t\t\t\t\t\t\t<span class=\"elementor-icon-list-text\">Los alojamientos indican el n\u00famero m\u00e1ximo de adultos que pueden admitir, pero seg\u00fan la selecci\u00f3n y las camas indicadas en la informaci\u00f3n del alojamiento, pueden ser necesarias camas supletorias o cunas.<\/span>\n\t\t\t\t\t\t\t\t\t\t\t<\/a>\n\t\t\t\t\t\t\t\t\t<\/li>\n\t\t\t\t\t\t\t\t<li class=\"elementor-icon-list-item\">\n\t\t\t\t\t\t\t\t\t\t\t<span class=\"elementor-icon-list-icon\">\n\t\t\t\t\t\t\t<i aria-hidden=\"true\" class=\"fas fa-info\"><\/i>\t\t\t\t\t\t<\/span>\n\t\t\t\t\t\t\t\t\t\t<span class=\"elementor-icon-list-text\">Las peticiones est\u00e1n sujetas a disponibilidad. El alojamiento debe aceptar las peticiones<\/span>\n\t\t\t\t\t\t\t\t\t<\/li>\n\t\t\t\t\t\t<\/ul>\n\t\t\t\t\t\t<\/div>\n\t\t\t\t<\/div>\n\t\t\t\t<div class=\"elementor-element elementor-element-55aee36 elementor-widget elementor-widget-wd_mega_menu\" data-id=\"55aee36\" data-element_type=\"widget\" data-e-type=\"widget\" data-widget_type=\"wd_mega_menu.default\">\n\t\t\t\t<div class=\"elementor-widget-container\">\n\t\t\t\t\t\t\t<div class=\"wd-menu widget_nav_mega_menu\">\n\t\t\t\t\t\t\t<h5 class=\"widget-title color-scheme-\">\n\t\t\t\t\tInformaci\u00f3n \u00fatil\t\t\t\t<\/h5>\n\t\t\t\t\t\t<ul id=\"menu-util\" class=\"menu wd-nav wd-nav-vertical wd-design-default\"><li id=\"menu-item-9436\" class=\"menu-item menu-item-type-post_type menu-item-object-page menu-item-9436 item-level-0 menu-simple-dropdown wd-event-hover\" ><a href=\"https:\/\/grupocasonas.com\/casona-del-asno\/apartamentos\/\" class=\"woodmart-nav-link\"><span class=\"nav-link-text\">Apartamentos<\/span><\/a><\/li>\n<li id=\"menu-item-9438\" class=\"menu-item menu-item-type-post_type menu-item-object-page menu-item-9438 item-level-0 menu-simple-dropdown wd-event-hover\" ><a href=\"https:\/\/grupocasonas.com\/casona-del-asno\/preguntas-frecuentes\/\" class=\"woodmart-nav-link\"><span class=\"nav-link-text\">Preguntas Frecuentes<\/span><\/a><\/li>\n<li id=\"menu-item-9439\" class=\"menu-item menu-item-type-post_type menu-item-object-page menu-item-9439 item-level-0 menu-simple-dropdown wd-event-hover\" ><a href=\"https:\/\/grupocasonas.com\/casona-del-asno\/que-hacer-en-alcala-de-henares\/\" class=\"woodmart-nav-link\"><span class=\"nav-link-text\">Qu\u00e9 hacer en Alcal\u00e1 de Henares<\/span><\/a><\/li>\n<li id=\"menu-item-9437\" class=\"menu-item menu-item-type-post_type menu-item-object-page menu-item-9437 item-level-0 menu-simple-dropdown wd-event-hover\" ><a href=\"https:\/\/grupocasonas.com\/casona-del-asno\/contact-us\/\" class=\"woodmart-nav-link\"><span class=\"nav-link-text\">Contacto<\/span><\/a><\/li>\n<\/ul>\t\t<\/div>\n\t\t\t\t\t\t<\/div>\n\t\t\t\t<\/div>\n\t\t\t\t\t<\/div>\n\t\t<\/div>\n\t\t\t\t\t<\/div>\n\t\t<\/section>\n\t\t\t\t<\/div>\n\t\t","protected":false},"excerpt":{"rendered":"<p>Reservar Para realizar tu reserva en las webs del Grupo Casonas debes pagar el importe completo de la estancia y<\/p>\n","protected":false},"author":1,"featured_media":0,"parent":0,"menu_order":0,"comment_status":"closed","ping_status":"closed","template":"","meta":{"_joinchat":[],"footnotes":""},"class_list":["post-8765","page","type-page","status-publish","hentry"],"yoast_head":"<!-- This site is optimized with the Yoast SEO plugin v27.4 - https:\/\/yoast.com\/product\/yoast-seo-wordpress\/ -->\n<title>Resultado de b\u00fasqueda - La Casona del Asno<\/title>\n<meta name=\"robots\" content=\"index, follow, max-snippet:-1, max-image-preview:large, max-video-preview:-1\" \/>\n<link rel=\"canonical\" href=\"https:\/\/grupocasonas.com\/casona-del-asno\/resultado-de-busqueda\/\" \/>\n<meta property=\"og:locale\" content=\"es_ES\" \/>\n<meta property=\"og:type\" content=\"article\" \/>\n<meta property=\"og:title\" content=\"Resultado de b\u00fasqueda - La Casona del Asno\" \/>\n<meta property=\"og:description\" content=\"Reservar Para realizar tu reserva en las webs del Grupo Casonas debes pagar el importe completo de la estancia y\" \/>\n<meta property=\"og:url\" content=\"https:\/\/grupocasonas.com\/casona-del-asno\/resultado-de-busqueda\/\" \/>\n<meta property=\"og:site_name\" content=\"La Casona del Asno\" \/>\n<meta property=\"article:modified_time\" content=\"2023-03-15T17:32:38+00:00\" \/>\n<meta name=\"twitter:card\" content=\"summary_large_image\" \/>\n<meta name=\"twitter:label1\" content=\"Tiempo de lectura\" \/>\n\t<meta name=\"twitter:data1\" content=\"1 minuto\" \/>\n<script type=\"application\/ld+json\" class=\"yoast-schema-graph\">{\"@context\":\"https:\\\/\\\/schema.org\",\"@graph\":[{\"@type\":\"WebPage\",\"@id\":\"https:\\\/\\\/grupocasonas.com\\\/casona-del-asno\\\/resultado-de-busqueda\\\/\",\"url\":\"https:\\\/\\\/grupocasonas.com\\\/casona-del-asno\\\/resultado-de-busqueda\\\/\",\"name\":\"Resultado de b\u00fasqueda - La Casona del Asno\",\"isPartOf\":{\"@id\":\"https:\\\/\\\/grupocasonas.com\\\/casona-del-asno\\\/#website\"},\"datePublished\":\"2020-11-03T19:56:32+00:00\",\"dateModified\":\"2023-03-15T17:32:38+00:00\",\"breadcrumb\":{\"@id\":\"https:\\\/\\\/grupocasonas.com\\\/casona-del-asno\\\/resultado-de-busqueda\\\/#breadcrumb\"},\"inLanguage\":\"es\",\"potentialAction\":[{\"@type\":\"ReadAction\",\"target\":[\"https:\\\/\\\/grupocasonas.com\\\/casona-del-asno\\\/resultado-de-busqueda\\\/\"]}]},{\"@type\":\"BreadcrumbList\",\"@id\":\"https:\\\/\\\/grupocasonas.com\\\/casona-del-asno\\\/resultado-de-busqueda\\\/#breadcrumb\",\"itemListElement\":[{\"@type\":\"ListItem\",\"position\":1,\"name\":\"Portada\",\"item\":\"https:\\\/\\\/grupocasonas.com\\\/casona-del-asno\\\/\"},{\"@type\":\"ListItem\",\"position\":2,\"name\":\"Resultado de b\u00fasqueda\"}]},{\"@type\":\"WebSite\",\"@id\":\"https:\\\/\\\/grupocasonas.com\\\/casona-del-asno\\\/#website\",\"url\":\"https:\\\/\\\/grupocasonas.com\\\/casona-del-asno\\\/\",\"name\":\"La Casona del Asno\",\"description\":\"La Casona del Asno es un complejo de apartamentos tur\u00edsticos y vacacionales ubicado en el coraz\u00f3n del centro hist\u00f3rico de Alcal\u00e1 de Henares, Espa\u00f1a, justo al lado de la Catedral Magistral\",\"publisher\":{\"@id\":\"https:\\\/\\\/grupocasonas.com\\\/casona-del-asno\\\/#organization\"},\"potentialAction\":[{\"@type\":\"SearchAction\",\"target\":{\"@type\":\"EntryPoint\",\"urlTemplate\":\"https:\\\/\\\/grupocasonas.com\\\/casona-del-asno\\\/?s={search_term_string}\"},\"query-input\":{\"@type\":\"PropertyValueSpecification\",\"valueRequired\":true,\"valueName\":\"search_term_string\"}}],\"inLanguage\":\"es\"},{\"@type\":\"Organization\",\"@id\":\"https:\\\/\\\/grupocasonas.com\\\/casona-del-asno\\\/#organization\",\"name\":\"La Casona del Asno\",\"url\":\"https:\\\/\\\/grupocasonas.com\\\/casona-del-asno\\\/\",\"logo\":{\"@type\":\"ImageObject\",\"inLanguage\":\"es\",\"@id\":\"https:\\\/\\\/grupocasonas.com\\\/casona-del-asno\\\/#\\\/schema\\\/logo\\\/image\\\/\",\"url\":\"https:\\\/\\\/grupocasonas.com\\\/casona-del-asno\\\/wp-content\\\/uploads\\\/sites\\\/3\\\/2023\\\/01\\\/cropped-asno-logo.png\",\"contentUrl\":\"https:\\\/\\\/grupocasonas.com\\\/casona-del-asno\\\/wp-content\\\/uploads\\\/sites\\\/3\\\/2023\\\/01\\\/cropped-asno-logo.png\",\"width\":600,\"height\":313,\"caption\":\"La Casona del Asno\"},\"image\":{\"@id\":\"https:\\\/\\\/grupocasonas.com\\\/casona-del-asno\\\/#\\\/schema\\\/logo\\\/image\\\/\"}}]}<\/script>\n<!-- \/ Yoast SEO plugin. -->","yoast_head_json":{"title":"Resultado de b\u00fasqueda - La Casona del Asno","robots":{"index":"index","follow":"follow","max-snippet":"max-snippet:-1","max-image-preview":"max-image-preview:large","max-video-preview":"max-video-preview:-1"},"canonical":"https:\/\/grupocasonas.com\/casona-del-asno\/resultado-de-busqueda\/","og_locale":"es_ES","og_type":"article","og_title":"Resultado de b\u00fasqueda - La Casona del Asno","og_description":"Reservar Para realizar tu reserva en las webs del Grupo Casonas debes pagar el importe completo de la estancia y","og_url":"https:\/\/grupocasonas.com\/casona-del-asno\/resultado-de-busqueda\/","og_site_name":"La Casona del Asno","article_modified_time":"2023-03-15T17:32:38+00:00","twitter_card":"summary_large_image","twitter_misc":{"Tiempo de lectura":"1 minuto"},"schema":{"@context":"https:\/\/schema.org","@graph":[{"@type":"WebPage","@id":"https:\/\/grupocasonas.com\/casona-del-asno\/resultado-de-busqueda\/","url":"https:\/\/grupocasonas.com\/casona-del-asno\/resultado-de-busqueda\/","name":"Resultado de b\u00fasqueda - La Casona del Asno","isPartOf":{"@id":"https:\/\/grupocasonas.com\/casona-del-asno\/#website"},"datePublished":"2020-11-03T19:56:32+00:00","dateModified":"2023-03-15T17:32:38+00:00","breadcrumb":{"@id":"https:\/\/grupocasonas.com\/casona-del-asno\/resultado-de-busqueda\/#breadcrumb"},"inLanguage":"es","potentialAction":[{"@type":"ReadAction","target":["https:\/\/grupocasonas.com\/casona-del-asno\/resultado-de-busqueda\/"]}]},{"@type":"BreadcrumbList","@id":"https:\/\/grupocasonas.com\/casona-del-asno\/resultado-de-busqueda\/#breadcrumb","itemListElement":[{"@type":"ListItem","position":1,"name":"Portada","item":"https:\/\/grupocasonas.com\/casona-del-asno\/"},{"@type":"ListItem","position":2,"name":"Resultado de b\u00fasqueda"}]},{"@type":"WebSite","@id":"https:\/\/grupocasonas.com\/casona-del-asno\/#website","url":"https:\/\/grupocasonas.com\/casona-del-asno\/","name":"La Casona del Asno","description":"La Casona del Asno es un complejo de apartamentos tur\u00edsticos y vacacionales ubicado en el coraz\u00f3n del centro hist\u00f3rico de Alcal\u00e1 de Henares, Espa\u00f1a, justo al lado de la Catedral Magistral","publisher":{"@id":"https:\/\/grupocasonas.com\/casona-del-asno\/#organization"},"potentialAction":[{"@type":"SearchAction","target":{"@type":"EntryPoint","urlTemplate":"https:\/\/grupocasonas.com\/casona-del-asno\/?s={search_term_string}"},"query-input":{"@type":"PropertyValueSpecification","valueRequired":true,"valueName":"search_term_string"}}],"inLanguage":"es"},{"@type":"Organization","@id":"https:\/\/grupocasonas.com\/casona-del-asno\/#organization","name":"La Casona del Asno","url":"https:\/\/grupocasonas.com\/casona-del-asno\/","logo":{"@type":"ImageObject","inLanguage":"es","@id":"https:\/\/grupocasonas.com\/casona-del-asno\/#\/schema\/logo\/image\/","url":"https:\/\/grupocasonas.com\/casona-del-asno\/wp-content\/uploads\/sites\/3\/2023\/01\/cropped-asno-logo.png","contentUrl":"https:\/\/grupocasonas.com\/casona-del-asno\/wp-content\/uploads\/sites\/3\/2023\/01\/cropped-asno-logo.png","width":600,"height":313,"caption":"La Casona del Asno"},"image":{"@id":"https:\/\/grupocasonas.com\/casona-del-asno\/#\/schema\/logo\/image\/"}}]}},"_links":{"self":[{"href":"https:\/\/grupocasonas.com\/casona-del-asno\/wp-json\/wp\/v2\/pages\/8765","targetHints":{"allow":["GET"]}}],"collection":[{"href":"https:\/\/grupocasonas.com\/casona-del-asno\/wp-json\/wp\/v2\/pages"}],"about":[{"href":"https:\/\/grupocasonas.com\/casona-del-asno\/wp-json\/wp\/v2\/types\/page"}],"author":[{"embeddable":true,"href":"https:\/\/grupocasonas.com\/casona-del-asno\/wp-json\/wp\/v2\/users\/1"}],"replies":[{"embeddable":true,"href":"https:\/\/grupocasonas.com\/casona-del-asno\/wp-json\/wp\/v2\/comments?post=8765"}],"version-history":[{"count":50,"href":"https:\/\/grupocasonas.com\/casona-del-asno\/wp-json\/wp\/v2\/pages\/8765\/revisions"}],"predecessor-version":[{"id":10950,"href":"https:\/\/grupocasonas.com\/casona-del-asno\/wp-json\/wp\/v2\/pages\/8765\/revisions\/10950"}],"wp:attachment":[{"href":"https:\/\/grupocasonas.com\/casona-del-asno\/wp-json\/wp\/v2\/media?parent=8765"}],"curies":[{"name":"wp","href":"https:\/\/api.w.org\/{rel}","templated":true}]}}