{"id":15,"date":"2023-01-10T12:48:33","date_gmt":"2023-01-10T12:48:33","guid":{"rendered":"http:\/\/casonadelasno.com\/test\/casona-del-eboni\/confirmacion-de-reserva\/"},"modified":"2023-03-17T15:32:45","modified_gmt":"2023-03-17T15:32:45","slug":"confirmacion-de-reserva","status":"publish","type":"page","link":"https:\/\/grupocasonas.com\/casona-del-eboni\/confirmacion-de-reserva\/","title":{"rendered":"Confirmaci\u00f3n de reserva"},"content":{"rendered":"\t\t<div data-elementor-type=\"wp-page\" data-elementor-id=\"15\" class=\"elementor elementor-15\">\n\t\t\t\t\t\t<section class=\"wd-negative-gap elementor-section elementor-top-section elementor-element elementor-element-b2d20ae elementor-section-content-top wd-section-stretch elementor-section-boxed elementor-section-height-default elementor-section-height-default\" data-id=\"b2d20ae\" data-element_type=\"section\" data-e-type=\"section\" data-settings=\"{&quot;background_background&quot;:&quot;classic&quot;}\">\n\t\t\t\t\t\t<div class=\"elementor-container elementor-column-gap-default\">\n\t\t\t\t\t<div class=\"elementor-column elementor-col-50 elementor-top-column elementor-element elementor-element-e26270d\" data-id=\"e26270d\" data-element_type=\"column\" data-e-type=\"column\">\n\t\t\t<div class=\"elementor-widget-wrap\">\n\t\t\t\t\t\t\t<\/div>\n\t\t<\/div>\n\t\t\t\t<div class=\"elementor-column elementor-col-50 elementor-top-column elementor-element elementor-element-43e63e3 iconos\" data-id=\"43e63e3\" data-element_type=\"column\" data-e-type=\"column\">\n\t\t\t<div class=\"elementor-widget-wrap elementor-element-populated\">\n\t\t\t\t\t\t<div class=\"elementor-element elementor-element-50c3965 elementor-icon-list--layout-traditional elementor-list-item-link-full_width elementor-widget elementor-widget-icon-list\" data-id=\"50c3965\" data-element_type=\"widget\" data-e-type=\"widget\" data-widget_type=\"icon-list.default\">\n\t\t\t\t<div class=\"elementor-widget-container\">\n\t\t\t\t\t\t\t<ul class=\"elementor-icon-list-items\">\n\t\t\t\t\t\t\t<li class=\"elementor-icon-list-item\">\n\t\t\t\t\t\t\t\t\t\t\t<span class=\"elementor-icon-list-icon\">\n\t\t\t\t\t\t\t<i aria-hidden=\"true\" class=\"fas fa-check\"><\/i>\t\t\t\t\t\t<\/span>\n\t\t\t\t\t\t\t\t\t\t<span class=\"elementor-icon-list-text\">La reserva quedar\u00e1 validada en el momento que recibamos el pago la se\u00f1al del 20% del importe total.<\/span>\n\t\t\t\t\t\t\t\t\t<\/li>\n\t\t\t\t\t\t\t\t<li class=\"elementor-icon-list-item\">\n\t\t\t\t\t\t\t\t\t\t\t<span class=\"elementor-icon-list-icon\">\n\t\t\t\t\t\t\t<i aria-hidden=\"true\" class=\"fas fa-times\"><\/i>\t\t\t\t\t\t<\/span>\n\t\t\t\t\t\t\t\t\t\t<span class=\"elementor-icon-list-text\">Podr\u00e1s cancelar tu reserva de forma gratuita hasta 7 d\u00edas antes de la fecha de la reserva. Si la cancelaci\u00f3n se produce durante los 7 d\u00edas anteriores a la reserva perder\u00e1s la se\u00f1al abonada.<\/span>\n\t\t\t\t\t\t\t\t\t<\/li>\n\t\t\t\t\t\t\t\t<li class=\"elementor-icon-list-item\">\n\t\t\t\t\t\t\t\t\t\t\t<a href=\"https:\/\/casonadelasno.com\/test\/casona-del-asno\/preguntas-frecuentes\/\">\n\n\t\t\t\t\t\t\t\t\t\t\t\t<span class=\"elementor-icon-list-icon\">\n\t\t\t\t\t\t\t<i aria-hidden=\"true\" class=\"fas fa-user-plus\"><\/i>\t\t\t\t\t\t<\/span>\n\t\t\t\t\t\t\t\t\t\t<span class=\"elementor-icon-list-text\">Los alojamientos indican el n\u00famero m\u00e1ximo de adultos que pueden admitir. Puedes a\u00f1adir una cama o cuna supletoria en el formulario de confirmaci\u00f3n de la reserva, haz click para consultar tarifas.<\/span>\n\t\t\t\t\t\t\t\t\t\t\t<\/a>\n\t\t\t\t\t\t\t\t\t<\/li>\n\t\t\t\t\t\t\t\t<li class=\"elementor-icon-list-item\">\n\t\t\t\t\t\t\t\t\t\t\t<span class=\"elementor-icon-list-icon\">\n\t\t\t\t\t\t\t<i aria-hidden=\"true\" class=\"fas fa-info\"><\/i>\t\t\t\t\t\t<\/span>\n\t\t\t\t\t\t\t\t\t\t<span class=\"elementor-icon-list-text\">Las peticiones est\u00e1n sujetas a disponibilidad. El alojamiento debe aceptar las peticiones<\/span>\n\t\t\t\t\t\t\t\t\t<\/li>\n\t\t\t\t\t\t\t\t<li class=\"elementor-icon-list-item\">\n\t\t\t\t\t\t\t\t\t\t\t<span class=\"elementor-icon-list-icon\">\n\t\t\t\t\t\t\t<i aria-hidden=\"true\" class=\"fas fa-wallet\"><\/i>\t\t\t\t\t\t<\/span>\n\t\t\t\t\t\t\t\t\t\t<span class=\"elementor-icon-list-text\">Los m\u00e9todos de pago disponibles son: transferencia bancaria.<\/span>\n\t\t\t\t\t\t\t\t\t<\/li>\n\t\t\t\t\t\t<\/ul>\n\t\t\t\t\t\t<\/div>\n\t\t\t\t<\/div>\n\t\t\t\t<div class=\"elementor-element elementor-element-2ba7caf elementor-nav-menu--dropdown-tablet elementor-nav-menu__text-align-aside elementor-nav-menu--toggle elementor-nav-menu--burger elementor-widget elementor-widget-nav-menu\" data-id=\"2ba7caf\" data-element_type=\"widget\" data-e-type=\"widget\" data-settings=\"{&quot;layout&quot;:&quot;vertical&quot;,&quot;submenu_icon&quot;:{&quot;value&quot;:&quot;&lt;i class=\\&quot;fas fa-caret-down\\&quot;&gt;&lt;\\\/i&gt;&quot;,&quot;library&quot;:&quot;fa-solid&quot;},&quot;toggle&quot;:&quot;burger&quot;}\" data-widget_type=\"nav-menu.default\">\n\t\t\t\t<div class=\"elementor-widget-container\">\n\t\t\t\t\t\t\t\t<nav migration_allowed=\"1\" migrated=\"0\" class=\"elementor-nav-menu--main elementor-nav-menu__container elementor-nav-menu--layout-vertical e--pointer-underline e--animation-fade\">\n\t\t\t\t<ul id=\"menu-1-2ba7caf\" class=\"elementor-nav-menu sm-vertical\"><li class=\"menu-item menu-item-type-post_type menu-item-object-page menu-item-9436\"><a href=\"https:\/\/grupocasonas.com\/casona-del-eboni\/apartamentos\/\" class=\"elementor-item\">Apartamentos<\/a><\/li>\n<li class=\"menu-item menu-item-type-post_type menu-item-object-page menu-item-9438\"><a href=\"https:\/\/grupocasonas.com\/casona-del-eboni\/preguntas-frecuentes\/\" class=\"elementor-item\">Preguntas Frecuentes<\/a><\/li>\n<li class=\"menu-item menu-item-type-post_type menu-item-object-page menu-item-9439\"><a href=\"https:\/\/grupocasonas.com\/casona-del-eboni\/que-hacer-en-alcala-de-henares\/\" class=\"elementor-item\">Qu\u00e9 hacer en Alcal\u00e1 de Henares<\/a><\/li>\n<li class=\"menu-item menu-item-type-post_type menu-item-object-page menu-item-9437\"><a href=\"https:\/\/grupocasonas.com\/casona-del-eboni\/contact-us\/\" class=\"elementor-item\">Contacto<\/a><\/li>\n<\/ul>\t\t\t<\/nav>\n\t\t\t\t\t<div class=\"elementor-menu-toggle\" role=\"button\" tabindex=\"0\" aria-label=\"Menu Toggle\" aria-expanded=\"false\">\n\t\t\t<i aria-hidden=\"true\" role=\"presentation\" class=\"elementor-menu-toggle__icon--open eicon-menu-bar\"><\/i><i aria-hidden=\"true\" role=\"presentation\" class=\"elementor-menu-toggle__icon--close eicon-close\"><\/i>\t\t\t<span class=\"elementor-screen-only\">Menu<\/span>\n\t\t<\/div>\n\t\t\t\t\t<nav class=\"elementor-nav-menu--dropdown elementor-nav-menu__container\" aria-hidden=\"true\">\n\t\t\t\t<ul id=\"menu-2-2ba7caf\" class=\"elementor-nav-menu sm-vertical\"><li class=\"menu-item menu-item-type-post_type menu-item-object-page menu-item-9436\"><a href=\"https:\/\/grupocasonas.com\/casona-del-eboni\/apartamentos\/\" class=\"elementor-item\" tabindex=\"-1\">Apartamentos<\/a><\/li>\n<li class=\"menu-item menu-item-type-post_type menu-item-object-page menu-item-9438\"><a href=\"https:\/\/grupocasonas.com\/casona-del-eboni\/preguntas-frecuentes\/\" class=\"elementor-item\" tabindex=\"-1\">Preguntas Frecuentes<\/a><\/li>\n<li class=\"menu-item menu-item-type-post_type menu-item-object-page menu-item-9439\"><a href=\"https:\/\/grupocasonas.com\/casona-del-eboni\/que-hacer-en-alcala-de-henares\/\" class=\"elementor-item\" tabindex=\"-1\">Qu\u00e9 hacer en Alcal\u00e1 de Henares<\/a><\/li>\n<li class=\"menu-item menu-item-type-post_type menu-item-object-page menu-item-9437\"><a href=\"https:\/\/grupocasonas.com\/casona-del-eboni\/contact-us\/\" class=\"elementor-item\" tabindex=\"-1\">Contacto<\/a><\/li>\n<\/ul>\t\t\t<\/nav>\n\t\t\t\t\t\t<\/div>\n\t\t\t\t<\/div>\n\t\t\t\t\t<\/div>\n\t\t<\/div>\n\t\t\t\t\t<\/div>\n\t\t<\/section>\n\t\t\t\t<section class=\"wd-negative-gap elementor-section elementor-top-section elementor-element elementor-element-8dd4765 elementor-section-content-top wd-section-stretch elementor-section-boxed elementor-section-height-default elementor-section-height-default\" data-id=\"8dd4765\" data-element_type=\"section\" data-e-type=\"section\" data-settings=\"{&quot;background_background&quot;:&quot;classic&quot;}\">\n\t\t\t\t\t\t<div class=\"elementor-container elementor-column-gap-default\">\n\t\t\t\t\t<div class=\"elementor-column elementor-col-50 elementor-top-column elementor-element elementor-element-3047548\" data-id=\"3047548\" data-element_type=\"column\" data-e-type=\"column\">\n\t\t\t<div class=\"elementor-widget-wrap elementor-element-populated\">\n\t\t\t\t\t\t<div class=\"elementor-element elementor-element-a713363 wd-width-100 elementor-widget elementor-widget-wd_title\" data-id=\"a713363\" data-element_type=\"widget\" data-e-type=\"widget\" data-widget_type=\"wd_title.default\">\n\t\t\t\t<div class=\"elementor-widget-container\">\n\t\t\t\t\t\t\t<div class=\"title-wrapper wd-set-mb reset-last-child wd-title-color-default wd-title-style-default wd-title-size-default text-left\">\n\n\t\t\t\n\t\t\t<div class=\"liner-continer\">\n\t\t\t\t<h4 class=\"woodmart-title-container title wd-fontsize-l\">Reservar<\/h4> \n\t\t\t\t\t\t\t<\/div>\n\n\t\t\t\t\t<\/div>\n\t\t\t\t\t\t<\/div>\n\t\t\t\t<\/div>\n\t\t\t\t<div class=\"elementor-element elementor-element-fd147a3 elementor-widget elementor-widget-mphbe-checkout\" data-id=\"fd147a3\" data-element_type=\"widget\" data-e-type=\"widget\" data-widget_type=\"mphbe-checkout.default\">\n\t\t\t\t<div class=\"elementor-widget-container\">\n\t\t\t\t\t<div class=\"mphb_sc_checkout-wrapper horizontal\"><\/div>\t\t\t\t<\/div>\n\t\t\t\t<\/div>\n\t\t\t\t\t<\/div>\n\t\t<\/div>\n\t\t\t\t<div class=\"elementor-column elementor-col-50 elementor-top-column elementor-element elementor-element-9be0845 iconos wd_sticky_offset_50 wd-elementor-sticky-column\" data-id=\"9be0845\" data-element_type=\"column\" data-e-type=\"column\">\n\t\t\t<div class=\"elementor-widget-wrap elementor-element-populated\">\n\t\t\t\t\t\t<div class=\"elementor-element elementor-element-5d0a3c4 elementor-icon-list--layout-traditional elementor-list-item-link-full_width elementor-widget elementor-widget-icon-list\" data-id=\"5d0a3c4\" data-element_type=\"widget\" data-e-type=\"widget\" data-widget_type=\"icon-list.default\">\n\t\t\t\t<div class=\"elementor-widget-container\">\n\t\t\t\t\t\t\t<ul class=\"elementor-icon-list-items\">\n\t\t\t\t\t\t\t<li class=\"elementor-icon-list-item\">\n\t\t\t\t\t\t\t\t\t\t\t<span class=\"elementor-icon-list-icon\">\n\t\t\t\t\t\t\t<i aria-hidden=\"true\" class=\"fas fa-check\"><\/i>\t\t\t\t\t\t<\/span>\n\t\t\t\t\t\t\t\t\t\t<span class=\"elementor-icon-list-text\">Para realizar tu reserva en las webs del Grupo Casonas debes pagar el importe completo de la estancia y los servicios seleccionados en el momento de la solicitud. Nuestro equipo debe confirmar en cualquier caso la disponibilidad de la habitaci\u00f3n seleccionada en las fechas escogidas.  Si no existe disponibilidad, alternativas, o simplemente no quieres continuar con la reserva, reembolsaremos tu dinero de forma inmediata. <\/span>\n\t\t\t\t\t\t\t\t\t<\/li>\n\t\t\t\t\t\t\t\t<li class=\"elementor-icon-list-item\">\n\t\t\t\t\t\t\t\t\t\t\t<span class=\"elementor-icon-list-icon\">\n\t\t\t\t\t\t\t<i aria-hidden=\"true\" class=\"fas fa-times\"><\/i>\t\t\t\t\t\t<\/span>\n\t\t\t\t\t\t\t\t\t\t<span class=\"elementor-icon-list-text\">Si la reserva es confirmada, puedes cancelar gratis hasta 3 d\u00edas antes de la fecha de llegada, recibiendo el reembolso en tu cuenta bancaria. Si cancelas durante los 3 d\u00edas antes de la fecha de llegada, el cargo por cancelar ser\u00e1 el precio total de la reserva. Si no te presentas, el cargo ser\u00e1 el precio total de la reserva.<\/span>\n\t\t\t\t\t\t\t\t\t<\/li>\n\t\t\t\t\t\t\t\t<li class=\"elementor-icon-list-item\">\n\t\t\t\t\t\t\t\t\t\t\t<a href=\"https:\/\/casonadelasno.com\/test\/casona-del-asno\/preguntas-frecuentes\/\">\n\n\t\t\t\t\t\t\t\t\t\t\t\t<span class=\"elementor-icon-list-icon\">\n\t\t\t\t\t\t\t<i aria-hidden=\"true\" class=\"fas fa-user-plus\"><\/i>\t\t\t\t\t\t<\/span>\n\t\t\t\t\t\t\t\t\t\t<span class=\"elementor-icon-list-text\">Los alojamientos indican el n\u00famero m\u00e1ximo de adultos que pueden admitir, pero seg\u00fan la selecci\u00f3n y las camas indicadas en la informaci\u00f3n del alojamiento, pueden ser necesarias camas supletorias o cunas.<\/span>\n\t\t\t\t\t\t\t\t\t\t\t<\/a>\n\t\t\t\t\t\t\t\t\t<\/li>\n\t\t\t\t\t\t\t\t<li class=\"elementor-icon-list-item\">\n\t\t\t\t\t\t\t\t\t\t\t<span class=\"elementor-icon-list-icon\">\n\t\t\t\t\t\t\t<i aria-hidden=\"true\" class=\"fas fa-info\"><\/i>\t\t\t\t\t\t<\/span>\n\t\t\t\t\t\t\t\t\t\t<span class=\"elementor-icon-list-text\">Las peticiones est\u00e1n sujetas a disponibilidad. El alojamiento debe aceptar las peticiones<\/span>\n\t\t\t\t\t\t\t\t\t<\/li>\n\t\t\t\t\t\t<\/ul>\n\t\t\t\t\t\t<\/div>\n\t\t\t\t<\/div>\n\t\t\t\t<div class=\"elementor-element elementor-element-c424e88 elementor-widget elementor-widget-wd_mega_menu\" data-id=\"c424e88\" data-element_type=\"widget\" data-e-type=\"widget\" data-widget_type=\"wd_mega_menu.default\">\n\t\t\t\t<div class=\"elementor-widget-container\">\n\t\t\t\t\t\t\t<div class=\"wd-menu widget_nav_mega_menu\">\n\t\t\t\t\t\t\t<h5 class=\"widget-title color-scheme-\">\n\t\t\t\t\tInformaci\u00f3n \u00fatil\t\t\t\t<\/h5>\n\t\t\t\t\t\t<ul id=\"menu-util\" class=\"menu wd-nav wd-nav-vertical wd-design-default\"><li class=\"menu-item menu-item-type-post_type menu-item-object-page menu-item-9436 item-level-0 menu-simple-dropdown wd-event-hover\" ><a href=\"https:\/\/grupocasonas.com\/casona-del-eboni\/apartamentos\/\" class=\"woodmart-nav-link\"><span class=\"nav-link-text\">Apartamentos<\/span><\/a><\/li>\n<li class=\"menu-item menu-item-type-post_type menu-item-object-page menu-item-9438 item-level-0 menu-simple-dropdown wd-event-hover\" ><a href=\"https:\/\/grupocasonas.com\/casona-del-eboni\/preguntas-frecuentes\/\" class=\"woodmart-nav-link\"><span class=\"nav-link-text\">Preguntas Frecuentes<\/span><\/a><\/li>\n<li class=\"menu-item menu-item-type-post_type menu-item-object-page menu-item-9439 item-level-0 menu-simple-dropdown wd-event-hover\" ><a href=\"https:\/\/grupocasonas.com\/casona-del-eboni\/que-hacer-en-alcala-de-henares\/\" class=\"woodmart-nav-link\"><span class=\"nav-link-text\">Qu\u00e9 hacer en Alcal\u00e1 de Henares<\/span><\/a><\/li>\n<li class=\"menu-item menu-item-type-post_type menu-item-object-page menu-item-9437 item-level-0 menu-simple-dropdown wd-event-hover\" ><a href=\"https:\/\/grupocasonas.com\/casona-del-eboni\/contact-us\/\" class=\"woodmart-nav-link\"><span class=\"nav-link-text\">Contacto<\/span><\/a><\/li>\n<\/ul>\t\t<\/div>\n\t\t\t\t\t\t<\/div>\n\t\t\t\t<\/div>\n\t\t\t\t\t<\/div>\n\t\t<\/div>\n\t\t\t\t\t<\/div>\n\t\t<\/section>\n\t\t\t\t<\/div>\n\t\t","protected":false},"excerpt":{"rendered":"<p>La reserva quedar\u00e1 validada en el momento que recibamos el pago la se\u00f1al del 20% del importe total. Podr\u00e1s cancelar<\/p>\n","protected":false},"author":1,"featured_media":0,"parent":0,"menu_order":0,"comment_status":"closed","ping_status":"closed","template":"","meta":{"_joinchat":[],"footnotes":""},"class_list":["post-15","page","type-page","status-publish","hentry"],"yoast_head":"<!-- This site is optimized with the Yoast SEO plugin v27.5 - https:\/\/yoast.com\/product\/yoast-seo-wordpress\/ -->\n<title>Confirmaci\u00f3n de reserva - La Casona del \u00c9boni<\/title>\n<meta name=\"robots\" content=\"index, follow, max-snippet:-1, max-image-preview:large, max-video-preview:-1\" \/>\n<link rel=\"canonical\" href=\"https:\/\/grupocasonas.com\/casona-del-eboni\/confirmacion-de-reserva\/\" \/>\n<meta property=\"og:locale\" content=\"es_ES\" \/>\n<meta property=\"og:type\" content=\"article\" \/>\n<meta property=\"og:title\" content=\"Confirmaci\u00f3n de reserva - La Casona del \u00c9boni\" \/>\n<meta property=\"og:description\" content=\"La reserva quedar\u00e1 validada en el momento que recibamos el pago la se\u00f1al del 20% del importe total. Podr\u00e1s cancelar\" \/>\n<meta property=\"og:url\" content=\"https:\/\/grupocasonas.com\/casona-del-eboni\/confirmacion-de-reserva\/\" \/>\n<meta property=\"og:site_name\" content=\"La Casona del \u00c9boni\" \/>\n<meta property=\"article:modified_time\" content=\"2023-03-17T15:32:45+00:00\" \/>\n<meta name=\"twitter:card\" content=\"summary_large_image\" \/>\n<meta name=\"twitter:label1\" content=\"Tiempo de lectura\" \/>\n\t<meta name=\"twitter:data1\" content=\"2 minutos\" \/>\n<script type=\"application\/ld+json\" class=\"yoast-schema-graph\">{\"@context\":\"https:\\\/\\\/schema.org\",\"@graph\":[{\"@type\":\"WebPage\",\"@id\":\"https:\\\/\\\/grupocasonas.com\\\/casona-del-eboni\\\/confirmacion-de-reserva\\\/\",\"url\":\"https:\\\/\\\/grupocasonas.com\\\/casona-del-eboni\\\/confirmacion-de-reserva\\\/\",\"name\":\"Confirmaci\u00f3n de reserva - La Casona del \u00c9boni\",\"isPartOf\":{\"@id\":\"https:\\\/\\\/grupocasonas.com\\\/casona-del-eboni\\\/#website\"},\"datePublished\":\"2023-01-10T12:48:33+00:00\",\"dateModified\":\"2023-03-17T15:32:45+00:00\",\"breadcrumb\":{\"@id\":\"https:\\\/\\\/grupocasonas.com\\\/casona-del-eboni\\\/confirmacion-de-reserva\\\/#breadcrumb\"},\"inLanguage\":\"es\",\"potentialAction\":[{\"@type\":\"ReadAction\",\"target\":[\"https:\\\/\\\/grupocasonas.com\\\/casona-del-eboni\\\/confirmacion-de-reserva\\\/\"]}]},{\"@type\":\"BreadcrumbList\",\"@id\":\"https:\\\/\\\/grupocasonas.com\\\/casona-del-eboni\\\/confirmacion-de-reserva\\\/#breadcrumb\",\"itemListElement\":[{\"@type\":\"ListItem\",\"position\":1,\"name\":\"Portada\",\"item\":\"https:\\\/\\\/grupocasonas.com\\\/casona-del-eboni\\\/\"},{\"@type\":\"ListItem\",\"position\":2,\"name\":\"Confirmaci\u00f3n de reserva\"}]},{\"@type\":\"WebSite\",\"@id\":\"https:\\\/\\\/grupocasonas.com\\\/casona-del-eboni\\\/#website\",\"url\":\"https:\\\/\\\/grupocasonas.com\\\/casona-del-eboni\\\/\",\"name\":\"La Casona del \u00c9boni\",\"description\":\"Grupo Casonas\",\"publisher\":{\"@id\":\"https:\\\/\\\/grupocasonas.com\\\/casona-del-eboni\\\/#organization\"},\"potentialAction\":[{\"@type\":\"SearchAction\",\"target\":{\"@type\":\"EntryPoint\",\"urlTemplate\":\"https:\\\/\\\/grupocasonas.com\\\/casona-del-eboni\\\/?s={search_term_string}\"},\"query-input\":{\"@type\":\"PropertyValueSpecification\",\"valueRequired\":true,\"valueName\":\"search_term_string\"}}],\"inLanguage\":\"es\"},{\"@type\":\"Organization\",\"@id\":\"https:\\\/\\\/grupocasonas.com\\\/casona-del-eboni\\\/#organization\",\"name\":\"La Casona del \u00c9boni\",\"url\":\"https:\\\/\\\/grupocasonas.com\\\/casona-del-eboni\\\/\",\"logo\":{\"@type\":\"ImageObject\",\"inLanguage\":\"es\",\"@id\":\"https:\\\/\\\/grupocasonas.com\\\/casona-del-eboni\\\/#\\\/schema\\\/logo\\\/image\\\/\",\"url\":\"https:\\\/\\\/grupocasonas.com\\\/casona-del-eboni\\\/wp-content\\\/uploads\\\/sites\\\/5\\\/2023\\\/01\\\/cropped-asno-logo.png\",\"contentUrl\":\"https:\\\/\\\/grupocasonas.com\\\/casona-del-eboni\\\/wp-content\\\/uploads\\\/sites\\\/5\\\/2023\\\/01\\\/cropped-asno-logo.png\",\"width\":600,\"height\":313,\"caption\":\"La Casona del \u00c9boni\"},\"image\":{\"@id\":\"https:\\\/\\\/grupocasonas.com\\\/casona-del-eboni\\\/#\\\/schema\\\/logo\\\/image\\\/\"}}]}<\/script>\n<!-- \/ Yoast SEO plugin. -->","yoast_head_json":{"title":"Confirmaci\u00f3n de reserva - La Casona del \u00c9boni","robots":{"index":"index","follow":"follow","max-snippet":"max-snippet:-1","max-image-preview":"max-image-preview:large","max-video-preview":"max-video-preview:-1"},"canonical":"https:\/\/grupocasonas.com\/casona-del-eboni\/confirmacion-de-reserva\/","og_locale":"es_ES","og_type":"article","og_title":"Confirmaci\u00f3n de reserva - La Casona del \u00c9boni","og_description":"La reserva quedar\u00e1 validada en el momento que recibamos el pago la se\u00f1al del 20% del importe total. Podr\u00e1s cancelar","og_url":"https:\/\/grupocasonas.com\/casona-del-eboni\/confirmacion-de-reserva\/","og_site_name":"La Casona del \u00c9boni","article_modified_time":"2023-03-17T15:32:45+00:00","twitter_card":"summary_large_image","twitter_misc":{"Tiempo de lectura":"2 minutos"},"schema":{"@context":"https:\/\/schema.org","@graph":[{"@type":"WebPage","@id":"https:\/\/grupocasonas.com\/casona-del-eboni\/confirmacion-de-reserva\/","url":"https:\/\/grupocasonas.com\/casona-del-eboni\/confirmacion-de-reserva\/","name":"Confirmaci\u00f3n de reserva - La Casona del \u00c9boni","isPartOf":{"@id":"https:\/\/grupocasonas.com\/casona-del-eboni\/#website"},"datePublished":"2023-01-10T12:48:33+00:00","dateModified":"2023-03-17T15:32:45+00:00","breadcrumb":{"@id":"https:\/\/grupocasonas.com\/casona-del-eboni\/confirmacion-de-reserva\/#breadcrumb"},"inLanguage":"es","potentialAction":[{"@type":"ReadAction","target":["https:\/\/grupocasonas.com\/casona-del-eboni\/confirmacion-de-reserva\/"]}]},{"@type":"BreadcrumbList","@id":"https:\/\/grupocasonas.com\/casona-del-eboni\/confirmacion-de-reserva\/#breadcrumb","itemListElement":[{"@type":"ListItem","position":1,"name":"Portada","item":"https:\/\/grupocasonas.com\/casona-del-eboni\/"},{"@type":"ListItem","position":2,"name":"Confirmaci\u00f3n de reserva"}]},{"@type":"WebSite","@id":"https:\/\/grupocasonas.com\/casona-del-eboni\/#website","url":"https:\/\/grupocasonas.com\/casona-del-eboni\/","name":"La Casona del \u00c9boni","description":"Grupo Casonas","publisher":{"@id":"https:\/\/grupocasonas.com\/casona-del-eboni\/#organization"},"potentialAction":[{"@type":"SearchAction","target":{"@type":"EntryPoint","urlTemplate":"https:\/\/grupocasonas.com\/casona-del-eboni\/?s={search_term_string}"},"query-input":{"@type":"PropertyValueSpecification","valueRequired":true,"valueName":"search_term_string"}}],"inLanguage":"es"},{"@type":"Organization","@id":"https:\/\/grupocasonas.com\/casona-del-eboni\/#organization","name":"La Casona del \u00c9boni","url":"https:\/\/grupocasonas.com\/casona-del-eboni\/","logo":{"@type":"ImageObject","inLanguage":"es","@id":"https:\/\/grupocasonas.com\/casona-del-eboni\/#\/schema\/logo\/image\/","url":"https:\/\/grupocasonas.com\/casona-del-eboni\/wp-content\/uploads\/sites\/5\/2023\/01\/cropped-asno-logo.png","contentUrl":"https:\/\/grupocasonas.com\/casona-del-eboni\/wp-content\/uploads\/sites\/5\/2023\/01\/cropped-asno-logo.png","width":600,"height":313,"caption":"La Casona del \u00c9boni"},"image":{"@id":"https:\/\/grupocasonas.com\/casona-del-eboni\/#\/schema\/logo\/image\/"}}]}},"_links":{"self":[{"href":"https:\/\/grupocasonas.com\/casona-del-eboni\/wp-json\/wp\/v2\/pages\/15","targetHints":{"allow":["GET"]}}],"collection":[{"href":"https:\/\/grupocasonas.com\/casona-del-eboni\/wp-json\/wp\/v2\/pages"}],"about":[{"href":"https:\/\/grupocasonas.com\/casona-del-eboni\/wp-json\/wp\/v2\/types\/page"}],"author":[{"embeddable":true,"href":"https:\/\/grupocasonas.com\/casona-del-eboni\/wp-json\/wp\/v2\/users\/1"}],"replies":[{"embeddable":true,"href":"https:\/\/grupocasonas.com\/casona-del-eboni\/wp-json\/wp\/v2\/comments?post=15"}],"version-history":[{"count":69,"href":"https:\/\/grupocasonas.com\/casona-del-eboni\/wp-json\/wp\/v2\/pages\/15\/revisions"}],"predecessor-version":[{"id":11121,"href":"https:\/\/grupocasonas.com\/casona-del-eboni\/wp-json\/wp\/v2\/pages\/15\/revisions\/11121"}],"wp:attachment":[{"href":"https:\/\/grupocasonas.com\/casona-del-eboni\/wp-json\/wp\/v2\/media?parent=15"}],"curies":[{"name":"wp","href":"https:\/\/api.w.org\/{rel}","templated":true}]}}